{"id":7,"date":"2023-01-04T08:42:49","date_gmt":"2023-01-04T08:42:49","guid":{"rendered":"https:\/\/robot.webs.upv.es\/?page_id=7"},"modified":"2023-01-09T18:35:19","modified_gmt":"2023-01-09T18:35:19","slug":"que","status":"publish","type":"page","link":"https:\/\/robot.webs.upv.es\/?page_id=7","title":{"rendered":"Qu\u00e9?"},"content":{"rendered":"\n<p class=\"has-text-align-center\">El sitio rob\u00f3tica@upv se configura como una bit\u00e1cora\/repositorio con informaci\u00f3n, noticias y enlaces a eventos relacionados con el mundo de la rob\u00f3tica.<\/p>\n\n\n\n<p class=\"has-text-align-center\">Este sito est\u00e1 vinculado al Grado en Inform\u00e1tica Industrial y Rob\u00f3tica (GIIROB) que se imparte en la ETS d&#8217;Enginyeria Inform\u00e0tica de la Universitat Polit\u00e8cnica de Val\u00e8ncia y busca establecer una relaci\u00f3n motivante con estudiantes e interesados en el mundo de la rob\u00f3tica en general.<\/p>\n\n\n\n<p class=\"has-text-align-center\">El Grado en Inform\u00e1tica Industrial y Rob\u00f3tica se imparte en la UPV desde el curso 2022\/2023.<\/p>\n\n\n\n<p class=\"has-text-align-center\">Tienes informaci\u00f3n b\u00e1sica sobre este grado en los siguientes enlaces.<br><\/p>\n\n\n\n<p class=\"has-text-align-center\"><a href=\"https:\/\/robot.webs.upv.es\/wp-content\/uploads\/2023\/01\/Presentacion-ETSINFGIIROB.pdf\">Presentaci\u00f3n del GIIROB<\/a><\/p>\n\n\n\n<p class=\"has-text-align-center\"><a href=\"https:\/\/www.upv.es\/titulaciones\/GIIROB\/\" target=\"_blank\" rel=\"noreferrer noopener\">Web del GIIROB en la UPV<\/a><\/p>\n\n\n\n<p><\/p>\n\n\n<div class=\"wp-block-image\">\n<figure class=\"aligncenter size-large is-resized\"><img loading=\"lazy\" decoding=\"async\" src=\"https:\/\/robot.webs.upv.es\/wp-content\/uploads\/2023\/01\/logo-roboticaupv-1024x149.jpg\" alt=\"\" class=\"wp-image-41\" width=\"768\" height=\"112\" srcset=\"https:\/\/robot.webs.upv.es\/wp-content\/uploads\/2023\/01\/logo-roboticaupv-1024x149.jpg 1024w, https:\/\/robot.webs.upv.es\/wp-content\/uploads\/2023\/01\/logo-roboticaupv-300x44.jpg 300w, https:\/\/robot.webs.upv.es\/wp-content\/uploads\/2023\/01\/logo-roboticaupv-768x112.jpg 768w, https:\/\/robot.webs.upv.es\/wp-content\/uploads\/2023\/01\/logo-roboticaupv-1536x224.jpg 1536w, https:\/\/robot.webs.upv.es\/wp-content\/uploads\/2023\/01\/logo-roboticaupv-2048x298.jpg 2048w\" sizes=\"auto, (max-width: 768px) 100vw, 768px\" \/><\/figure>\n<\/div>","protected":false},"excerpt":{"rendered":"<p>El sitio rob\u00f3tica@upv se configura como una bit\u00e1cora\/repositorio con informaci\u00f3n, noticias y enlaces a eventos relacionados con el mundo de la rob\u00f3tica. Este sito est\u00e1 vinculado al Grado en Inform\u00e1tica Industrial y Rob\u00f3tica (GIIROB) que se imparte en la ETS d&#8217;Enginyeria Inform\u00e0tica de la Universitat Polit\u00e8cnica de Val\u00e8ncia y busca establecer una relaci\u00f3n motivante con&#8230;<\/p>\n","protected":false},"author":1,"featured_media":0,"parent":0,"menu_order":0,"comment_status":"closed","ping_status":"closed","template":"","meta":{"_kadence_starter_templates_imported_post":false,"_kad_post_transparent":"","_kad_post_title":"","_kad_post_layout":"","_kad_post_sidebar_id":"","_kad_post_content_style":"","_kad_post_vertical_padding":"","_kad_post_feature":"","_kad_post_feature_position":"","_kad_post_header":false,"_kad_post_footer":false,"_kad_post_classname":"","footnotes":""},"class_list":["post-7","page","type-page","status-publish","hentry"],"yoast_head":"<!-- This site is optimized with the Yoast SEO plugin v27.3 - https:\/\/yoast.com\/product\/yoast-seo-wordpress\/ -->\n<title>Qu\u00e9? - rob\u00f3tica@upv<\/title>\n<meta name=\"robots\" content=\"index, follow, max-snippet:-1, max-image-preview:large, max-video-preview:-1\" \/>\n<link rel=\"canonical\" href=\"https:\/\/robot.webs.upv.es\/?page_id=7\" \/>\n<meta property=\"og:locale\" content=\"es_ES\" \/>\n<meta property=\"og:type\" content=\"article\" \/>\n<meta property=\"og:title\" content=\"Qu\u00e9? - rob\u00f3tica@upv\" \/>\n<meta property=\"og:description\" content=\"El sitio rob\u00f3tica@upv se configura como una bit\u00e1cora\/repositorio con informaci\u00f3n, noticias y enlaces a eventos relacionados con el mundo de la rob\u00f3tica. Este sito est\u00e1 vinculado al Grado en Inform\u00e1tica Industrial y Rob\u00f3tica (GIIROB) que se imparte en la ETS d&#8217;Enginyeria Inform\u00e0tica de la Universitat Polit\u00e8cnica de Val\u00e8ncia y busca establecer una relaci\u00f3n motivante con...\" \/>\n<meta property=\"og:url\" content=\"https:\/\/robot.webs.upv.es\/?page_id=7\" \/>\n<meta property=\"og:site_name\" content=\"rob\u00f3tica@upv\" \/>\n<meta property=\"article:modified_time\" content=\"2023-01-09T18:35:19+00:00\" \/>\n<meta property=\"og:image\" content=\"https:\/\/robot.webs.upv.es\/wp-content\/uploads\/2023\/01\/logo-roboticaupv-1024x149.jpg\" \/>\n<meta name=\"twitter:card\" content=\"summary_large_image\" \/>\n<meta name=\"twitter:label1\" content=\"Tiempo de lectura\" \/>\n\t<meta name=\"twitter:data1\" content=\"1 minuto\" \/>\n<script type=\"application\/ld+json\" class=\"yoast-schema-graph\">{\"@context\":\"https:\\\/\\\/schema.org\",\"@graph\":[{\"@type\":\"WebPage\",\"@id\":\"https:\\\/\\\/robot.webs.upv.es\\\/?page_id=7\",\"url\":\"https:\\\/\\\/robot.webs.upv.es\\\/?page_id=7\",\"name\":\"Qu\u00e9? - rob\u00f3tica@upv\",\"isPartOf\":{\"@id\":\"https:\\\/\\\/robot.webs.upv.es\\\/#website\"},\"primaryImageOfPage\":{\"@id\":\"https:\\\/\\\/robot.webs.upv.es\\\/?page_id=7#primaryimage\"},\"image\":{\"@id\":\"https:\\\/\\\/robot.webs.upv.es\\\/?page_id=7#primaryimage\"},\"thumbnailUrl\":\"https:\\\/\\\/robot.webs.upv.es\\\/wp-content\\\/uploads\\\/2023\\\/01\\\/logo-roboticaupv-1024x149.jpg\",\"datePublished\":\"2023-01-04T08:42:49+00:00\",\"dateModified\":\"2023-01-09T18:35:19+00:00\",\"breadcrumb\":{\"@id\":\"https:\\\/\\\/robot.webs.upv.es\\\/?page_id=7#breadcrumb\"},\"inLanguage\":\"es\",\"potentialAction\":[{\"@type\":\"ReadAction\",\"target\":[\"https:\\\/\\\/robot.webs.upv.es\\\/?page_id=7\"]}]},{\"@type\":\"ImageObject\",\"inLanguage\":\"es\",\"@id\":\"https:\\\/\\\/robot.webs.upv.es\\\/?page_id=7#primaryimage\",\"url\":\"https:\\\/\\\/robot.webs.upv.es\\\/wp-content\\\/uploads\\\/2023\\\/01\\\/logo-roboticaupv.jpg\",\"contentUrl\":\"https:\\\/\\\/robot.webs.upv.es\\\/wp-content\\\/uploads\\\/2023\\\/01\\\/logo-roboticaupv.jpg\",\"width\":2225,\"height\":324},{\"@type\":\"BreadcrumbList\",\"@id\":\"https:\\\/\\\/robot.webs.upv.es\\\/?page_id=7#breadcrumb\",\"itemListElement\":[{\"@type\":\"ListItem\",\"position\":1,\"name\":\"Home\",\"item\":\"https:\\\/\\\/robot.webs.upv.es\\\/\"},{\"@type\":\"ListItem\",\"position\":2,\"name\":\"Qu\u00e9?\"}]},{\"@type\":\"WebSite\",\"@id\":\"https:\\\/\\\/robot.webs.upv.es\\\/#website\",\"url\":\"https:\\\/\\\/robot.webs.upv.es\\\/\",\"name\":\"rob\u00f3tica@upv\",\"description\":\"\",\"publisher\":{\"@id\":\"https:\\\/\\\/robot.webs.upv.es\\\/#organization\"},\"potentialAction\":[{\"@type\":\"SearchAction\",\"target\":{\"@type\":\"EntryPoint\",\"urlTemplate\":\"https:\\\/\\\/robot.webs.upv.es\\\/?s={search_term_string}\"},\"query-input\":{\"@type\":\"PropertyValueSpecification\",\"valueRequired\":true,\"valueName\":\"search_term_string\"}}],\"inLanguage\":\"es\"},{\"@type\":\"Organization\",\"@id\":\"https:\\\/\\\/robot.webs.upv.es\\\/#organization\",\"name\":\"rob\u00f3tica@upv\",\"url\":\"https:\\\/\\\/robot.webs.upv.es\\\/\",\"logo\":{\"@type\":\"ImageObject\",\"inLanguage\":\"es\",\"@id\":\"https:\\\/\\\/robot.webs.upv.es\\\/#\\\/schema\\\/logo\\\/image\\\/\",\"url\":\"https:\\\/\\\/robot.webs.upv.es\\\/wp-content\\\/uploads\\\/2023\\\/01\\\/logo-roboticaupv.jpg\",\"contentUrl\":\"https:\\\/\\\/robot.webs.upv.es\\\/wp-content\\\/uploads\\\/2023\\\/01\\\/logo-roboticaupv.jpg\",\"width\":2225,\"height\":324,\"caption\":\"rob\u00f3tica@upv\"},\"image\":{\"@id\":\"https:\\\/\\\/robot.webs.upv.es\\\/#\\\/schema\\\/logo\\\/image\\\/\"}}]}<\/script>\n<!-- \/ Yoast SEO plugin. -->","yoast_head_json":{"title":"Qu\u00e9? - rob\u00f3tica@upv","robots":{"index":"index","follow":"follow","max-snippet":"max-snippet:-1","max-image-preview":"max-image-preview:large","max-video-preview":"max-video-preview:-1"},"canonical":"https:\/\/robot.webs.upv.es\/?page_id=7","og_locale":"es_ES","og_type":"article","og_title":"Qu\u00e9? - rob\u00f3tica@upv","og_description":"El sitio rob\u00f3tica@upv se configura como una bit\u00e1cora\/repositorio con informaci\u00f3n, noticias y enlaces a eventos relacionados con el mundo de la rob\u00f3tica. Este sito est\u00e1 vinculado al Grado en Inform\u00e1tica Industrial y Rob\u00f3tica (GIIROB) que se imparte en la ETS d&#8217;Enginyeria Inform\u00e0tica de la Universitat Polit\u00e8cnica de Val\u00e8ncia y busca establecer una relaci\u00f3n motivante con...","og_url":"https:\/\/robot.webs.upv.es\/?page_id=7","og_site_name":"rob\u00f3tica@upv","article_modified_time":"2023-01-09T18:35:19+00:00","og_image":[{"url":"https:\/\/robot.webs.upv.es\/wp-content\/uploads\/2023\/01\/logo-roboticaupv-1024x149.jpg","type":"","width":"","height":""}],"twitter_card":"summary_large_image","twitter_misc":{"Tiempo de lectura":"1 minuto"},"schema":{"@context":"https:\/\/schema.org","@graph":[{"@type":"WebPage","@id":"https:\/\/robot.webs.upv.es\/?page_id=7","url":"https:\/\/robot.webs.upv.es\/?page_id=7","name":"Qu\u00e9? - rob\u00f3tica@upv","isPartOf":{"@id":"https:\/\/robot.webs.upv.es\/#website"},"primaryImageOfPage":{"@id":"https:\/\/robot.webs.upv.es\/?page_id=7#primaryimage"},"image":{"@id":"https:\/\/robot.webs.upv.es\/?page_id=7#primaryimage"},"thumbnailUrl":"https:\/\/robot.webs.upv.es\/wp-content\/uploads\/2023\/01\/logo-roboticaupv-1024x149.jpg","datePublished":"2023-01-04T08:42:49+00:00","dateModified":"2023-01-09T18:35:19+00:00","breadcrumb":{"@id":"https:\/\/robot.webs.upv.es\/?page_id=7#breadcrumb"},"inLanguage":"es","potentialAction":[{"@type":"ReadAction","target":["https:\/\/robot.webs.upv.es\/?page_id=7"]}]},{"@type":"ImageObject","inLanguage":"es","@id":"https:\/\/robot.webs.upv.es\/?page_id=7#primaryimage","url":"https:\/\/robot.webs.upv.es\/wp-content\/uploads\/2023\/01\/logo-roboticaupv.jpg","contentUrl":"https:\/\/robot.webs.upv.es\/wp-content\/uploads\/2023\/01\/logo-roboticaupv.jpg","width":2225,"height":324},{"@type":"BreadcrumbList","@id":"https:\/\/robot.webs.upv.es\/?page_id=7#breadcrumb","itemListElement":[{"@type":"ListItem","position":1,"name":"Home","item":"https:\/\/robot.webs.upv.es\/"},{"@type":"ListItem","position":2,"name":"Qu\u00e9?"}]},{"@type":"WebSite","@id":"https:\/\/robot.webs.upv.es\/#website","url":"https:\/\/robot.webs.upv.es\/","name":"rob\u00f3tica@upv","description":"","publisher":{"@id":"https:\/\/robot.webs.upv.es\/#organization"},"potentialAction":[{"@type":"SearchAction","target":{"@type":"EntryPoint","urlTemplate":"https:\/\/robot.webs.upv.es\/?s={search_term_string}"},"query-input":{"@type":"PropertyValueSpecification","valueRequired":true,"valueName":"search_term_string"}}],"inLanguage":"es"},{"@type":"Organization","@id":"https:\/\/robot.webs.upv.es\/#organization","name":"rob\u00f3tica@upv","url":"https:\/\/robot.webs.upv.es\/","logo":{"@type":"ImageObject","inLanguage":"es","@id":"https:\/\/robot.webs.upv.es\/#\/schema\/logo\/image\/","url":"https:\/\/robot.webs.upv.es\/wp-content\/uploads\/2023\/01\/logo-roboticaupv.jpg","contentUrl":"https:\/\/robot.webs.upv.es\/wp-content\/uploads\/2023\/01\/logo-roboticaupv.jpg","width":2225,"height":324,"caption":"rob\u00f3tica@upv"},"image":{"@id":"https:\/\/robot.webs.upv.es\/#\/schema\/logo\/image\/"}}]}},"_links":{"self":[{"href":"https:\/\/robot.webs.upv.es\/index.php?rest_route=\/wp\/v2\/pages\/7","targetHints":{"allow":["GET"]}}],"collection":[{"href":"https:\/\/robot.webs.upv.es\/index.php?rest_route=\/wp\/v2\/pages"}],"about":[{"href":"https:\/\/robot.webs.upv.es\/index.php?rest_route=\/wp\/v2\/types\/page"}],"author":[{"embeddable":true,"href":"https:\/\/robot.webs.upv.es\/index.php?rest_route=\/wp\/v2\/users\/1"}],"replies":[{"embeddable":true,"href":"https:\/\/robot.webs.upv.es\/index.php?rest_route=%2Fwp%2Fv2%2Fcomments&post=7"}],"version-history":[{"count":8,"href":"https:\/\/robot.webs.upv.es\/index.php?rest_route=\/wp\/v2\/pages\/7\/revisions"}],"predecessor-version":[{"id":48,"href":"https:\/\/robot.webs.upv.es\/index.php?rest_route=\/wp\/v2\/pages\/7\/revisions\/48"}],"wp:attachment":[{"href":"https:\/\/robot.webs.upv.es\/index.php?rest_route=%2Fwp%2Fv2%2Fmedia&parent=7"}],"curies":[{"name":"wp","href":"https:\/\/api.w.org\/{rel}","templated":true}]}}