{"id":60,"date":"2023-01-10T09:52:52","date_gmt":"2023-01-10T09:52:52","guid":{"rendered":"https:\/\/robot.webs.upv.es\/?page_id=60"},"modified":"2023-01-10T16:33:45","modified_gmt":"2023-01-10T16:33:45","slug":"suscribete","status":"publish","type":"page","link":"https:\/\/robot.webs.upv.es\/?page_id=60","title":{"rendered":"S\u00edguenos!"},"content":{"rendered":"\n<p class=\"has-text-align-center\">M\u00e1s all\u00e1 de visitar peri\u00f3dicamente esta p\u00e1gina web, puedes consultar y seguirnos a trav\u00e9s de las redes sociales de la ETSINF.<\/p>\n\n\n\n<p><\/p>\n\n\n\n<p><\/p>\n\n\n\n<figure class=\"wp-block-table aligncenter is-style-stripes\"><table><tbody><tr><td><a href=\"https:\/\/www.linkedin.com\/in\/etsinf-upv-1853224a\/?originalSubdomain=es\" target=\"_blank\" rel=\"noreferrer noopener\"><img loading=\"lazy\" decoding=\"async\" width=\"40\" height=\"40\" class=\"wp-image-67\" style=\"width: 40px;\" src=\"https:\/\/robot.webs.upv.es\/wp-content\/uploads\/2023\/01\/Linkedin-Transparent.png\" alt=\"\" srcset=\"https:\/\/robot.webs.upv.es\/wp-content\/uploads\/2023\/01\/Linkedin-Transparent.png 512w, https:\/\/robot.webs.upv.es\/wp-content\/uploads\/2023\/01\/Linkedin-Transparent-300x300.png 300w, https:\/\/robot.webs.upv.es\/wp-content\/uploads\/2023\/01\/Linkedin-Transparent-150x150.png 150w\" sizes=\"auto, (max-width: 40px) 100vw, 40px\" \/><\/a><\/td><td><\/td><td><a href=\"https:\/\/twitter.com\/etsinfupv\" target=\"_blank\" rel=\"noreferrer noopener\"><img loading=\"lazy\" decoding=\"async\" width=\"40\" height=\"33\" class=\"wp-image-70\" style=\"width: 40px;\" src=\"https:\/\/robot.webs.upv.es\/wp-content\/uploads\/2023\/01\/2021-Twitter-logo-blue.png\" alt=\"\" srcset=\"https:\/\/robot.webs.upv.es\/wp-content\/uploads\/2023\/01\/2021-Twitter-logo-blue.png 1034w, https:\/\/robot.webs.upv.es\/wp-content\/uploads\/2023\/01\/2021-Twitter-logo-blue-300x247.png 300w, https:\/\/robot.webs.upv.es\/wp-content\/uploads\/2023\/01\/2021-Twitter-logo-blue-1024x843.png 1024w, https:\/\/robot.webs.upv.es\/wp-content\/uploads\/2023\/01\/2021-Twitter-logo-blue-768x632.png 768w\" sizes=\"auto, (max-width: 40px) 100vw, 40px\" \/><\/a><a href=\"https:\/\/twitter.com\/etsinfupv\"><\/a><\/td><\/tr><\/tbody><\/table><\/figure>\n\n\n\n<p><\/p>\n\n\n\n<p><\/p>\n\n\n\n<p><\/p>\n\n\n<div class=\"wp-block-image\">\n<figure class=\"aligncenter size-full\"><img loading=\"lazy\" decoding=\"async\" width=\"750\" height=\"109\" src=\"https:\/\/robot.webs.upv.es\/wp-content\/uploads\/2023\/01\/logo-mobil-roboticaupv.jpg\" alt=\"\" class=\"wp-image-50\" srcset=\"https:\/\/robot.webs.upv.es\/wp-content\/uploads\/2023\/01\/logo-mobil-roboticaupv.jpg 750w, https:\/\/robot.webs.upv.es\/wp-content\/uploads\/2023\/01\/logo-mobil-roboticaupv-300x44.jpg 300w\" sizes=\"auto, (max-width: 750px) 100vw, 750px\" \/><\/figure>\n<\/div>","protected":false},"excerpt":{"rendered":"<p>M\u00e1s all\u00e1 de visitar peri\u00f3dicamente esta p\u00e1gina web, puedes consultar y seguirnos a trav\u00e9s de las redes sociales de la ETSINF.<\/p>\n","protected":false},"author":1,"featured_media":0,"parent":0,"menu_order":0,"comment_status":"closed","ping_status":"closed","template":"","meta":{"_kadence_starter_templates_imported_post":false,"_kad_post_transparent":"","_kad_post_title":"","_kad_post_layout":"","_kad_post_sidebar_id":"","_kad_post_content_style":"","_kad_post_vertical_padding":"","_kad_post_feature":"","_kad_post_feature_position":"","_kad_post_header":false,"_kad_post_footer":false,"_kad_post_classname":"","footnotes":""},"class_list":["post-60","page","type-page","status-publish","hentry"],"yoast_head":"<!-- This site is optimized with the Yoast SEO plugin v27.3 - https:\/\/yoast.com\/product\/yoast-seo-wordpress\/ -->\n<title>S\u00edguenos! - rob\u00f3tica@upv<\/title>\n<meta name=\"robots\" content=\"index, follow, max-snippet:-1, max-image-preview:large, max-video-preview:-1\" \/>\n<link rel=\"canonical\" href=\"https:\/\/robot.webs.upv.es\/?page_id=60\" \/>\n<meta property=\"og:locale\" content=\"es_ES\" \/>\n<meta property=\"og:type\" content=\"article\" \/>\n<meta property=\"og:title\" content=\"S\u00edguenos! - rob\u00f3tica@upv\" \/>\n<meta property=\"og:description\" content=\"M\u00e1s all\u00e1 de visitar peri\u00f3dicamente esta p\u00e1gina web, puedes consultar y seguirnos a trav\u00e9s de las redes sociales de la ETSINF.\" \/>\n<meta property=\"og:url\" content=\"https:\/\/robot.webs.upv.es\/?page_id=60\" \/>\n<meta property=\"og:site_name\" content=\"rob\u00f3tica@upv\" \/>\n<meta property=\"article:modified_time\" content=\"2023-01-10T16:33:45+00:00\" \/>\n<meta property=\"og:image\" content=\"https:\/\/robot.webs.upv.es\/wp-content\/uploads\/2023\/01\/Linkedin-Transparent.png\" \/>\n<meta name=\"twitter:card\" content=\"summary_large_image\" \/>\n<meta name=\"twitter:label1\" content=\"Tiempo de lectura\" \/>\n\t<meta name=\"twitter:data1\" content=\"1 minuto\" \/>\n<script type=\"application\/ld+json\" class=\"yoast-schema-graph\">{\"@context\":\"https:\\\/\\\/schema.org\",\"@graph\":[{\"@type\":\"WebPage\",\"@id\":\"https:\\\/\\\/robot.webs.upv.es\\\/?page_id=60\",\"url\":\"https:\\\/\\\/robot.webs.upv.es\\\/?page_id=60\",\"name\":\"S\u00edguenos! - rob\u00f3tica@upv\",\"isPartOf\":{\"@id\":\"https:\\\/\\\/robot.webs.upv.es\\\/#website\"},\"primaryImageOfPage\":{\"@id\":\"https:\\\/\\\/robot.webs.upv.es\\\/?page_id=60#primaryimage\"},\"image\":{\"@id\":\"https:\\\/\\\/robot.webs.upv.es\\\/?page_id=60#primaryimage\"},\"thumbnailUrl\":\"https:\\\/\\\/robot.webs.upv.es\\\/wp-content\\\/uploads\\\/2023\\\/01\\\/Linkedin-Transparent.png\",\"datePublished\":\"2023-01-10T09:52:52+00:00\",\"dateModified\":\"2023-01-10T16:33:45+00:00\",\"breadcrumb\":{\"@id\":\"https:\\\/\\\/robot.webs.upv.es\\\/?page_id=60#breadcrumb\"},\"inLanguage\":\"es\",\"potentialAction\":[{\"@type\":\"ReadAction\",\"target\":[\"https:\\\/\\\/robot.webs.upv.es\\\/?page_id=60\"]}]},{\"@type\":\"ImageObject\",\"inLanguage\":\"es\",\"@id\":\"https:\\\/\\\/robot.webs.upv.es\\\/?page_id=60#primaryimage\",\"url\":\"https:\\\/\\\/robot.webs.upv.es\\\/wp-content\\\/uploads\\\/2023\\\/01\\\/Linkedin-Transparent.png\",\"contentUrl\":\"https:\\\/\\\/robot.webs.upv.es\\\/wp-content\\\/uploads\\\/2023\\\/01\\\/Linkedin-Transparent.png\",\"width\":512,\"height\":512},{\"@type\":\"BreadcrumbList\",\"@id\":\"https:\\\/\\\/robot.webs.upv.es\\\/?page_id=60#breadcrumb\",\"itemListElement\":[{\"@type\":\"ListItem\",\"position\":1,\"name\":\"Home\",\"item\":\"https:\\\/\\\/robot.webs.upv.es\\\/\"},{\"@type\":\"ListItem\",\"position\":2,\"name\":\"S\u00edguenos!\"}]},{\"@type\":\"WebSite\",\"@id\":\"https:\\\/\\\/robot.webs.upv.es\\\/#website\",\"url\":\"https:\\\/\\\/robot.webs.upv.es\\\/\",\"name\":\"rob\u00f3tica@upv\",\"description\":\"\",\"publisher\":{\"@id\":\"https:\\\/\\\/robot.webs.upv.es\\\/#organization\"},\"potentialAction\":[{\"@type\":\"SearchAction\",\"target\":{\"@type\":\"EntryPoint\",\"urlTemplate\":\"https:\\\/\\\/robot.webs.upv.es\\\/?s={search_term_string}\"},\"query-input\":{\"@type\":\"PropertyValueSpecification\",\"valueRequired\":true,\"valueName\":\"search_term_string\"}}],\"inLanguage\":\"es\"},{\"@type\":\"Organization\",\"@id\":\"https:\\\/\\\/robot.webs.upv.es\\\/#organization\",\"name\":\"rob\u00f3tica@upv\",\"url\":\"https:\\\/\\\/robot.webs.upv.es\\\/\",\"logo\":{\"@type\":\"ImageObject\",\"inLanguage\":\"es\",\"@id\":\"https:\\\/\\\/robot.webs.upv.es\\\/#\\\/schema\\\/logo\\\/image\\\/\",\"url\":\"https:\\\/\\\/robot.webs.upv.es\\\/wp-content\\\/uploads\\\/2023\\\/01\\\/logo-roboticaupv.jpg\",\"contentUrl\":\"https:\\\/\\\/robot.webs.upv.es\\\/wp-content\\\/uploads\\\/2023\\\/01\\\/logo-roboticaupv.jpg\",\"width\":2225,\"height\":324,\"caption\":\"rob\u00f3tica@upv\"},\"image\":{\"@id\":\"https:\\\/\\\/robot.webs.upv.es\\\/#\\\/schema\\\/logo\\\/image\\\/\"}}]}<\/script>\n<!-- \/ Yoast SEO plugin. -->","yoast_head_json":{"title":"S\u00edguenos! - rob\u00f3tica@upv","robots":{"index":"index","follow":"follow","max-snippet":"max-snippet:-1","max-image-preview":"max-image-preview:large","max-video-preview":"max-video-preview:-1"},"canonical":"https:\/\/robot.webs.upv.es\/?page_id=60","og_locale":"es_ES","og_type":"article","og_title":"S\u00edguenos! - rob\u00f3tica@upv","og_description":"M\u00e1s all\u00e1 de visitar peri\u00f3dicamente esta p\u00e1gina web, puedes consultar y seguirnos a trav\u00e9s de las redes sociales de la ETSINF.","og_url":"https:\/\/robot.webs.upv.es\/?page_id=60","og_site_name":"rob\u00f3tica@upv","article_modified_time":"2023-01-10T16:33:45+00:00","og_image":[{"url":"https:\/\/robot.webs.upv.es\/wp-content\/uploads\/2023\/01\/Linkedin-Transparent.png","type":"","width":"","height":""}],"twitter_card":"summary_large_image","twitter_misc":{"Tiempo de lectura":"1 minuto"},"schema":{"@context":"https:\/\/schema.org","@graph":[{"@type":"WebPage","@id":"https:\/\/robot.webs.upv.es\/?page_id=60","url":"https:\/\/robot.webs.upv.es\/?page_id=60","name":"S\u00edguenos! - rob\u00f3tica@upv","isPartOf":{"@id":"https:\/\/robot.webs.upv.es\/#website"},"primaryImageOfPage":{"@id":"https:\/\/robot.webs.upv.es\/?page_id=60#primaryimage"},"image":{"@id":"https:\/\/robot.webs.upv.es\/?page_id=60#primaryimage"},"thumbnailUrl":"https:\/\/robot.webs.upv.es\/wp-content\/uploads\/2023\/01\/Linkedin-Transparent.png","datePublished":"2023-01-10T09:52:52+00:00","dateModified":"2023-01-10T16:33:45+00:00","breadcrumb":{"@id":"https:\/\/robot.webs.upv.es\/?page_id=60#breadcrumb"},"inLanguage":"es","potentialAction":[{"@type":"ReadAction","target":["https:\/\/robot.webs.upv.es\/?page_id=60"]}]},{"@type":"ImageObject","inLanguage":"es","@id":"https:\/\/robot.webs.upv.es\/?page_id=60#primaryimage","url":"https:\/\/robot.webs.upv.es\/wp-content\/uploads\/2023\/01\/Linkedin-Transparent.png","contentUrl":"https:\/\/robot.webs.upv.es\/wp-content\/uploads\/2023\/01\/Linkedin-Transparent.png","width":512,"height":512},{"@type":"BreadcrumbList","@id":"https:\/\/robot.webs.upv.es\/?page_id=60#breadcrumb","itemListElement":[{"@type":"ListItem","position":1,"name":"Home","item":"https:\/\/robot.webs.upv.es\/"},{"@type":"ListItem","position":2,"name":"S\u00edguenos!"}]},{"@type":"WebSite","@id":"https:\/\/robot.webs.upv.es\/#website","url":"https:\/\/robot.webs.upv.es\/","name":"rob\u00f3tica@upv","description":"","publisher":{"@id":"https:\/\/robot.webs.upv.es\/#organization"},"potentialAction":[{"@type":"SearchAction","target":{"@type":"EntryPoint","urlTemplate":"https:\/\/robot.webs.upv.es\/?s={search_term_string}"},"query-input":{"@type":"PropertyValueSpecification","valueRequired":true,"valueName":"search_term_string"}}],"inLanguage":"es"},{"@type":"Organization","@id":"https:\/\/robot.webs.upv.es\/#organization","name":"rob\u00f3tica@upv","url":"https:\/\/robot.webs.upv.es\/","logo":{"@type":"ImageObject","inLanguage":"es","@id":"https:\/\/robot.webs.upv.es\/#\/schema\/logo\/image\/","url":"https:\/\/robot.webs.upv.es\/wp-content\/uploads\/2023\/01\/logo-roboticaupv.jpg","contentUrl":"https:\/\/robot.webs.upv.es\/wp-content\/uploads\/2023\/01\/logo-roboticaupv.jpg","width":2225,"height":324,"caption":"rob\u00f3tica@upv"},"image":{"@id":"https:\/\/robot.webs.upv.es\/#\/schema\/logo\/image\/"}}]}},"_links":{"self":[{"href":"https:\/\/robot.webs.upv.es\/index.php?rest_route=\/wp\/v2\/pages\/60","targetHints":{"allow":["GET"]}}],"collection":[{"href":"https:\/\/robot.webs.upv.es\/index.php?rest_route=\/wp\/v2\/pages"}],"about":[{"href":"https:\/\/robot.webs.upv.es\/index.php?rest_route=\/wp\/v2\/types\/page"}],"author":[{"embeddable":true,"href":"https:\/\/robot.webs.upv.es\/index.php?rest_route=\/wp\/v2\/users\/1"}],"replies":[{"embeddable":true,"href":"https:\/\/robot.webs.upv.es\/index.php?rest_route=%2Fwp%2Fv2%2Fcomments&post=60"}],"version-history":[{"count":12,"href":"https:\/\/robot.webs.upv.es\/index.php?rest_route=\/wp\/v2\/pages\/60\/revisions"}],"predecessor-version":[{"id":83,"href":"https:\/\/robot.webs.upv.es\/index.php?rest_route=\/wp\/v2\/pages\/60\/revisions\/83"}],"wp:attachment":[{"href":"https:\/\/robot.webs.upv.es\/index.php?rest_route=%2Fwp%2Fv2%2Fmedia&parent=60"}],"curies":[{"name":"wp","href":"https:\/\/api.w.org\/{rel}","templated":true}]}}